{"id":3233,"date":"2017-05-11T12:34:07","date_gmt":"2017-05-11T12:34:07","guid":{"rendered":"http:\/\/banimabanim.org\/home\/"},"modified":"2024-04-02T12:28:26","modified_gmt":"2024-04-02T12:28:26","slug":"home","status":"publish","type":"page","link":"https:\/\/banimabanim.org\/ro\/","title":{"rendered":"Home"},"content":{"rendered":"<p>[vc_row full_width=&#8221;stretch_row_content_no_spaces&#8221;][vc_column]\n        \t<div class=\"header-slider header-slider-preloader\">\n            \t<div class=\"theme-main-slider animation-slides owl-carousel owl-theme\" data-autoplay=\"true\" data-loop=\"true\" data-navigation=\"true\" data-pagination=\"true\" data-direction=\"false\">\n\t\t\t\t\n\t\t\t\t\n\t                <div style=\"background-image:url(https:\/\/banimabanim.org\/wp-content\/uploads\/2024\/04\/Sediu-1-1-scaled.jpg)\" class=\"item\">\n\t                    <div class=\"slide-table\">\n\t                        <div class=\"slide-tablecell\">\n\t                            <div class=\"container\">\n\t                                <div class=\"row\">\n\t                                    <div class=\"col-md-7\">\n\t                                        <div class=\"slide-text\">\n\t                                           \t                                           \t\t                                           \t\t                                        <\/div>\n\t                                    <\/div>\n\t                                <\/div>\n\t                            <\/div>\n\t                        <\/div>\n\t                    <\/div>\n\t                <\/div>\n\n\t\t\t\t\n\t                <div style=\"background-image:url(https:\/\/banimabanim.org\/wp-content\/uploads\/2024\/04\/Sediu-2-scaled.jpg)\" class=\"item\">\n\t                    <div class=\"slide-table\">\n\t                        <div class=\"slide-tablecell\">\n\t                            <div class=\"container\">\n\t                                <div class=\"row\">\n\t                                    <div class=\"col-md-7\">\n\t                                        <div class=\"slide-text\">\n\t                                           \t                                           \t\t                                           \t\t                                        <\/div>\n\t                                    <\/div>\n\t                                <\/div>\n\t                            <\/div>\n\t                        <\/div>\n\t                    <\/div>\n\t                <\/div>\n\n\t\t\t\t\n\t                <div style=\"background-image:url(https:\/\/banimabanim.org\/wp-content\/uploads\/2024\/04\/Sediu-3-scaled.jpg)\" class=\"item\">\n\t                    <div class=\"slide-table\">\n\t                        <div class=\"slide-tablecell\">\n\t                            <div class=\"container\">\n\t                                <div class=\"row\">\n\t                                    <div class=\"col-md-7\">\n\t                                        <div class=\"slide-text\">\n\t                                           \t                                           \t\t                                           \t\t                                        <\/div>\n\t                                    <\/div>\n\t                                <\/div>\n\t                            <\/div>\n\t                        <\/div>\n\t                    <\/div>\n\t                <\/div>\n\n\t\t\t\t\t\t\t\t\n\t\t\t\t<\/div>\n\t\t\t\t<div class=\"slider_preloader\">\n\t                <div class=\"slider_preloader_status\">&nbsp;<\/div>\n\t            <\/div>\n\t\t\t<\/div>\n\n\t\t[\/vc_column][\/vc_row][vc_row css=&#8221;.vc_custom_1712054142484{padding-bottom: 50px !important;background-color: #ffffff !important;}&#8221; el_id=&#8221;whoweare&#8221;][vc_column width=&#8221;2\/12&#8243;][\/vc_column][vc_column width=&#8221;8\/12&#8243; xt_vc_column_sm_no_padding=&#8221;&#8221;]\n        <div class=\"section-title text-center section-title-margin-bottom-small\">\n            <h2>CINE <span>SUNTEM<\/span><\/h2>        <\/div>\n\n\t\t[vc_column_text]<\/p>\n<p style=\"text-align: center;\">Asocia\u021bia BanimAbanim (ABA) este o organiza\u021bie apolitica \u0219i neguvernamental\u0103, cu scop caritativ, \u00eenfiin\u021bat\u0103 \u00een 2017.<\/p>\n<p>[\/vc_column_text][\/vc_column][vc_column width=&#8221;2\/12&#8243;][\/vc_column][\/vc_row][vc_row css=&#8221;.vc_custom_1712054154623{padding-bottom: 50px !important;background-color: #fafafa !important;}&#8221; el_id=&#8221;whatwedo&#8221;][vc_column width=&#8221;2\/12&#8243;][\/vc_column][vc_column width=&#8221;8\/12&#8243; xt_vc_column_sm_no_padding=&#8221;&#8221;]\n        <div class=\"section-title text-center section-title-margin-bottom-small\">\n            <h2>CE <span>FACEM<\/span><\/h2>        <\/div>\n\n\t\t[vc_column_text]<\/p>\n<ul>\n<li>Oferim cazare gratuit\u0103 pentru bolnavii afla\u021bi \u00een situa\u021bii speciale \u0219i care necesit\u0103 tratamente la Oradea \u00een limita locurilor disponibile (prioritate pacien\u021bii pediatrici \u0219i oncologici).<\/li>\n<li>Oferim gratuit suport psihologic \u0219i programe personalizate de nutri\u021bie axate pe nevoile specifice ale pacien\u021bilor.<\/li>\n<li>Oferim sus\u021binere financiar\u0103 pentru casa de tip Familial Mereu \u00cempreun\u0103 pentru Tineret<\/li>\n<li>Proiect \u201dGhiozdanelul\u201d: \u00een fiecare \u00eenceput de an scolar daruim ghiozdanele cu tot necesarul pentru copiii proveni\u021bi din medii defavorizate.<\/li>\n<\/ul>\n<p>[\/vc_column_text][\/vc_column][vc_column width=&#8221;2\/12&#8243;][\/vc_column][\/vc_row][vc_row][vc_column]\n        <div class=\"section-title text-center section-title-margin-bottom-medium\">\n            <h2>GALERIE <span>FOTO<\/span><\/h2><p>Vedeti imagini din centrul nostru si din diverse proiecte in derulare<\/p>\n        <\/div>\n\n\t\t\t\t\t\t\n\t            <div class=\"row ch-grid project-gallery\" id=\"project-gallery\">\n\n\t\t\t\t\t\n\t\t\t\t\t\t\n\t\t\t\t\t\t\t\t\t\t\t\t\t<div class=\"ch-grid-item col-md-4 col-sm-6\">\n\t\t\t                    <figure>\n\t\t\t                        <img loading=\"lazy\" decoding=\"async\" width=\"870\" height=\"580\" src=\"https:\/\/banimabanim.org\/wp-content\/uploads\/2017\/05\/0-870x580.jpg\" class=\"attachment-charitus-blog-thumb size-charitus-blog-thumb\" alt=\"\" \/>\t\t\t                        <figcaption>\n\t\t\t                            <span class=\"icon flaticon-signs\"><\/span>\n\n\t\t\t                            \n\t\t\t                            \n\t\t\t                            <a href=\"https:\/\/banimabanim.org\/wp-content\/uploads\/2017\/05\/0.jpg\"  data-rel=\"lightcase:charitusGallery:slideshow\" class=\"view-project-detail\"><\/a>\n\n\t\t\t                        <\/figcaption>\n\t\t\t                    <\/figure>\n\t\t\t                <\/div>\n\t\t            \t\n\t\t\t\t\t\n\t\t\t\t\t\t\n\t\t\t\t\t\t\t\t\t\t\t\t\t<div class=\"ch-grid-item col-md-4 col-sm-6\">\n\t\t\t                    <figure>\n\t\t\t                        <img loading=\"lazy\" decoding=\"async\" width=\"870\" height=\"580\" src=\"https:\/\/banimabanim.org\/wp-content\/uploads\/2017\/05\/2-1-870x580.jpg\" class=\"attachment-charitus-blog-thumb size-charitus-blog-thumb\" alt=\"\" \/>\t\t\t                        <figcaption>\n\t\t\t                            <span class=\"icon flaticon-signs\"><\/span>\n\n\t\t\t                            \n\t\t\t                            \n\t\t\t                            <a href=\"https:\/\/banimabanim.org\/wp-content\/uploads\/2017\/05\/2-1.jpg\"  data-rel=\"lightcase:charitusGallery:slideshow\" class=\"view-project-detail\"><\/a>\n\n\t\t\t                        <\/figcaption>\n\t\t\t                    <\/figure>\n\t\t\t                <\/div>\n\t\t            \t\n\t\t\t\t\t\n\t\t\t\t\t\t\n\t\t\t\t\t\t\t\t\t\t\t\t\t<div class=\"ch-grid-item col-md-4 col-sm-6\">\n\t\t\t                    <figure>\n\t\t\t                        <img loading=\"lazy\" decoding=\"async\" width=\"870\" height=\"580\" src=\"https:\/\/banimabanim.org\/wp-content\/uploads\/2017\/05\/4-870x580.jpg\" class=\"attachment-charitus-blog-thumb size-charitus-blog-thumb\" alt=\"\" srcset=\"https:\/\/banimabanim.org\/wp-content\/uploads\/2017\/05\/4-870x580.jpg 870w, https:\/\/banimabanim.org\/wp-content\/uploads\/2017\/05\/4-600x400.jpg 600w, https:\/\/banimabanim.org\/wp-content\/uploads\/2017\/05\/4-300x200.jpg 300w, https:\/\/banimabanim.org\/wp-content\/uploads\/2017\/05\/4-768x512.jpg 768w, https:\/\/banimabanim.org\/wp-content\/uploads\/2017\/05\/4-1024x683.jpg 1024w, https:\/\/banimabanim.org\/wp-content\/uploads\/2017\/05\/4.jpg 1500w\" sizes=\"auto, (max-width: 870px) 100vw, 870px\" \/>\t\t\t                        <figcaption>\n\t\t\t                            <span class=\"icon flaticon-signs\"><\/span>\n\n\t\t\t                            \n\t\t\t                            \n\t\t\t                            <a href=\"https:\/\/banimabanim.org\/wp-content\/uploads\/2017\/05\/4.jpg\"  data-rel=\"lightcase:charitusGallery:slideshow\" class=\"view-project-detail\"><\/a>\n\n\t\t\t                        <\/figcaption>\n\t\t\t                    <\/figure>\n\t\t\t                <\/div>\n\t\t            \t\n\t\t\t\t\t\n\t\t\t\t\t\t\n\t\t\t\t\t\t\t\t\t\t\t\t\t<div class=\"ch-grid-item col-md-4 col-sm-6\">\n\t\t\t                    <figure>\n\t\t\t                        <img loading=\"lazy\" decoding=\"async\" width=\"870\" height=\"580\" src=\"https:\/\/banimabanim.org\/wp-content\/uploads\/2017\/05\/5-870x580.jpg\" class=\"attachment-charitus-blog-thumb size-charitus-blog-thumb\" alt=\"\" \/>\t\t\t                        <figcaption>\n\t\t\t                            <span class=\"icon flaticon-signs\"><\/span>\n\n\t\t\t                            \n\t\t\t                            \n\t\t\t                            <a href=\"https:\/\/banimabanim.org\/wp-content\/uploads\/2017\/05\/5.jpg\"  data-rel=\"lightcase:charitusGallery:slideshow\" class=\"view-project-detail\"><\/a>\n\n\t\t\t                        <\/figcaption>\n\t\t\t                    <\/figure>\n\t\t\t                <\/div>\n\t\t            \t\n\t\t\t\t\t\n\t\t\t\t\t\t\n\t\t\t\t\t\t\t\t\t\t\t\t\t<div class=\"ch-grid-item col-md-4 col-sm-6\">\n\t\t\t                    <figure>\n\t\t\t                        <img loading=\"lazy\" decoding=\"async\" width=\"870\" height=\"580\" src=\"https:\/\/banimabanim.org\/wp-content\/uploads\/2017\/05\/6-870x580.jpg\" class=\"attachment-charitus-blog-thumb size-charitus-blog-thumb\" alt=\"\" \/>\t\t\t                        <figcaption>\n\t\t\t                            <span class=\"icon flaticon-signs\"><\/span>\n\n\t\t\t                            \n\t\t\t                            \n\t\t\t                            <a href=\"https:\/\/banimabanim.org\/wp-content\/uploads\/2017\/05\/6.jpg\"  data-rel=\"lightcase:charitusGallery:slideshow\" class=\"view-project-detail\"><\/a>\n\n\t\t\t                        <\/figcaption>\n\t\t\t                    <\/figure>\n\t\t\t                <\/div>\n\t\t            \t\n\t\t\t\t\t\n\t\t\t\t\t\t\n\t\t\t\t\t\t\t\t\t\t\t\t\t<div class=\"ch-grid-item col-md-4 col-sm-6\">\n\t\t\t                    <figure>\n\t\t\t                        <img loading=\"lazy\" decoding=\"async\" width=\"870\" height=\"580\" src=\"https:\/\/banimabanim.org\/wp-content\/uploads\/2017\/05\/12-870x580.jpg\" class=\"attachment-charitus-blog-thumb size-charitus-blog-thumb\" alt=\"\" \/>\t\t\t                        <figcaption>\n\t\t\t                            <span class=\"icon flaticon-signs\"><\/span>\n\n\t\t\t                            \n\t\t\t                            \n\t\t\t                            <a href=\"https:\/\/banimabanim.org\/wp-content\/uploads\/2017\/05\/12.jpg\"  data-rel=\"lightcase:charitusGallery:slideshow\" class=\"view-project-detail\"><\/a>\n\n\t\t\t                        <\/figcaption>\n\t\t\t                    <\/figure>\n\t\t\t                <\/div>\n\t\t            \t\n\t\t\t\t\t\n\t            <\/div>\n\n\t\t\t[\/vc_column][\/vc_row]<\/p>\n","protected":false},"excerpt":{"rendered":"<p>[vc_row full_width=&#8221;stretch_row_content_no_spaces&#8221;][vc_column][\/vc_column][\/vc_row][vc_row css=&#8221;.vc_custom_1712054142484{padding-bottom: 50px !important;background-color: #ffffff !important;}&#8221; el_id=&#8221;whoweare&#8221;][vc_column width=&#8221;2\/12&#8243;][\/vc_column][vc_column width=&#8221;8\/12&#8243; xt_vc_column_sm_no_padding=&#8221;&#8221;][vc_column_text] Asocia\u021bia BanimAbanim (ABA) este o organiza\u021bie apolitica \u0219i neguvernamental\u0103, cu scop caritativ, \u00eenfiin\u021bat\u0103 \u00een 2017. [\/vc_column_text][\/vc_column][vc_column width=&#8221;2\/12&#8243;][\/vc_column][\/vc_row][vc_row css=&#8221;.vc_custom_1712054154623{padding-bottom: 50px&#8230;<\/p>\n","protected":false},"author":1,"featured_media":0,"parent":0,"menu_order":0,"comment_status":"closed","ping_status":"closed","template":"","meta":{"footnotes":""},"class_list":["post-3233","page","type-page","status-publish","hentry"],"_links":{"self":[{"href":"https:\/\/banimabanim.org\/ro\/wp-json\/wp\/v2\/pages\/3233","targetHints":{"allow":["GET"]}}],"collection":[{"href":"https:\/\/banimabanim.org\/ro\/wp-json\/wp\/v2\/pages"}],"about":[{"href":"https:\/\/banimabanim.org\/ro\/wp-json\/wp\/v2\/types\/page"}],"author":[{"embeddable":true,"href":"https:\/\/banimabanim.org\/ro\/wp-json\/wp\/v2\/users\/1"}],"replies":[{"embeddable":true,"href":"https:\/\/banimabanim.org\/ro\/wp-json\/wp\/v2\/comments?post=3233"}],"version-history":[{"count":41,"href":"https:\/\/banimabanim.org\/ro\/wp-json\/wp\/v2\/pages\/3233\/revisions"}],"predecessor-version":[{"id":4807,"href":"https:\/\/banimabanim.org\/ro\/wp-json\/wp\/v2\/pages\/3233\/revisions\/4807"}],"wp:attachment":[{"href":"https:\/\/banimabanim.org\/ro\/wp-json\/wp\/v2\/media?parent=3233"}],"curies":[{"name":"wp","href":"https:\/\/api.w.org\/{rel}","templated":true}]}}